{"id":287,"date":"2023-10-24T12:47:19","date_gmt":"2023-10-24T11:47:19","guid":{"rendered":"https:\/\/svendpedersen.wpengine.com\/?page_id=287"},"modified":"2025-01-06T10:36:36","modified_gmt":"2025-01-06T09:36:36","slug":"elementor-side-287","status":"publish","type":"page","link":"https:\/\/svend-pedersen.dk\/?page_id=287","title":{"rendered":"Profil"},"content":{"rendered":"\t\t<div data-elementor-type=\"wp-page\" data-elementor-id=\"287\" class=\"elementor elementor-287\" data-elementor-post-type=\"page\">\n\t\t\t\t<div class=\"elementor-element elementor-element-95b6146 e-con-full e-flex e-con e-parent\" data-id=\"95b6146\" data-element_type=\"container\" data-e-type=\"container\" data-settings=\"{&quot;background_background&quot;:&quot;video&quot;,&quot;background_video_link&quot;:&quot;https:\\\/\\\/svendpedersen.wpengine.com\\\/wp-content\\\/uploads\\\/2023\\\/10\\\/SVP_Profilvideo.mp4&quot;,&quot;background_play_on_mobile&quot;:&quot;yes&quot;}\">\n\t\t<div class=\"elementor-background-video-container\">\n\t\t\t\t\t\t\t<video class=\"elementor-background-video-hosted\" role=\"presentation\" autoplay muted playsinline loop><\/video>\n\t\t\t\t\t<\/div>\t\t<div class=\"elementor-element elementor-element-28d7e24 elementor-widget elementor-widget-text-editor\" data-id=\"28d7e24\" data-element_type=\"widget\" data-e-type=\"widget\" data-widget_type=\"text-editor.default\">\n\t\t\t\t<div class=\"elementor-widget-container\">\n\t\t\t\t\t\t\t\t\t<h1><span style=\"color: #ffffff;\"><strong>PROFIL<\/strong><\/span><\/h1><p>En st\u00e6rk profilvideo er en effektiv m\u00e5de at vise din virksomhed frem p\u00e5, illustrere hvorfor den er unik, og fort\u00e6lle om dens k\u00e6rnev\u00e6rdier.<\/p>\t\t\t\t\t\t\t\t<\/div>\n\t\t\t\t<\/div>\n\t\t\t\t<\/div>\n\t\t<div class=\"elementor-element elementor-element-ba3b604 e-grid e-con-full e-con e-parent\" data-id=\"ba3b604\" data-element_type=\"container\" data-e-type=\"container\">\n\t\t\t\t<div class=\"elementor-element elementor-element-33600ba elementor-widget elementor-widget-video\" data-id=\"33600ba\" data-element_type=\"widget\" data-e-type=\"widget\" data-settings=\"{&quot;video_type&quot;:&quot;hosted&quot;,&quot;show_image_overlay&quot;:&quot;yes&quot;,&quot;image_overlay&quot;:{&quot;url&quot;:&quot;https:\\\/\\\/svendpedersen.wpengine.com\\\/wp-content\\\/uploads\\\/2023\\\/10\\\/Badelement.jpg&quot;,&quot;id&quot;:412,&quot;size&quot;:&quot;&quot;,&quot;alt&quot;:&quot;&quot;,&quot;source&quot;:&quot;library&quot;},&quot;mute&quot;:&quot;yes&quot;,&quot;controls&quot;:&quot;yes&quot;}\" data-widget_type=\"video.default\">\n\t\t\t\t<div class=\"elementor-widget-container\">\n\t\t\t\t\t\t\t<div class=\"e-hosted-video elementor-wrapper elementor-open-inline\">\n\t\t\t\t\t<video class=\"elementor-video\" src=\"https:\/\/svendpedersen.wpengine.com\/wp-content\/uploads\/2023\/10\/Badelement-Profilfilm_1.mp4\" controls=\"\" preload=\"metadata\" muted=\"muted\" controlsList=\"nodownload\"><\/video>\n\t\t\t\t\t\t<div class=\"elementor-custom-embed-image-overlay\" style=\"background-image: url(https:\/\/svend-pedersen.dk\/wp-content\/uploads\/2023\/10\/Badelement.jpg);\">\n\t\t\t\t\t\t\t\t\t\t\t\t\t\t<\/div>\n\t\t\t\t\t<\/div>\n\t\t\t\t\t\t<\/div>\n\t\t\t\t<\/div>\n\t\t\t\t<div class=\"elementor-element elementor-element-5c987ad elementor-widget elementor-widget-video\" data-id=\"5c987ad\" data-element_type=\"widget\" data-e-type=\"widget\" data-settings=\"{&quot;video_type&quot;:&quot;hosted&quot;,&quot;show_image_overlay&quot;:&quot;yes&quot;,&quot;image_overlay&quot;:{&quot;url&quot;:&quot;https:\\\/\\\/svendpedersen.wpengine.com\\\/wp-content\\\/uploads\\\/2023\\\/10\\\/Boligvex.jpg&quot;,&quot;id&quot;:413,&quot;size&quot;:&quot;&quot;,&quot;alt&quot;:&quot;&quot;,&quot;source&quot;:&quot;library&quot;},&quot;mute&quot;:&quot;yes&quot;,&quot;controls&quot;:&quot;yes&quot;}\" data-widget_type=\"video.default\">\n\t\t\t\t<div class=\"elementor-widget-container\">\n\t\t\t\t\t\t\t<div class=\"e-hosted-video elementor-wrapper elementor-open-inline\">\n\t\t\t\t\t<video class=\"elementor-video\" src=\"https:\/\/svendpedersen.wpengine.com\/wp-content\/uploads\/2023\/10\/Boligvex_1min-1.mp4\" controls=\"\" preload=\"metadata\" muted=\"muted\" controlsList=\"nodownload\"><\/video>\n\t\t\t\t\t\t<div class=\"elementor-custom-embed-image-overlay\" style=\"background-image: url(https:\/\/svend-pedersen.dk\/wp-content\/uploads\/2023\/10\/Boligvex.jpg);\">\n\t\t\t\t\t\t\t\t\t\t\t\t\t\t<\/div>\n\t\t\t\t\t<\/div>\n\t\t\t\t\t\t<\/div>\n\t\t\t\t<\/div>\n\t\t\t\t<div class=\"elementor-element elementor-element-8d45aa5 elementor-widget elementor-widget-video\" data-id=\"8d45aa5\" data-element_type=\"widget\" data-e-type=\"widget\" data-settings=\"{&quot;video_type&quot;:&quot;hosted&quot;,&quot;show_image_overlay&quot;:&quot;yes&quot;,&quot;image_overlay&quot;:{&quot;url&quot;:&quot;https:\\\/\\\/svendpedersen.wpengine.com\\\/wp-content\\\/uploads\\\/2023\\\/10\\\/HG-1.jpg&quot;,&quot;id&quot;:414,&quot;size&quot;:&quot;&quot;,&quot;alt&quot;:&quot;&quot;,&quot;source&quot;:&quot;library&quot;},&quot;mute&quot;:&quot;yes&quot;,&quot;controls&quot;:&quot;yes&quot;}\" data-widget_type=\"video.default\">\n\t\t\t\t<div class=\"elementor-widget-container\">\n\t\t\t\t\t\t\t<div class=\"e-hosted-video elementor-wrapper elementor-open-inline\">\n\t\t\t\t\t<video class=\"elementor-video\" src=\"https:\/\/svendpedersen.wpengine.com\/wp-content\/uploads\/2023\/10\/HG-Factory_2-1.mp4\" controls=\"\" preload=\"metadata\" muted=\"muted\" controlsList=\"nodownload\"><\/video>\n\t\t\t\t\t\t<div class=\"elementor-custom-embed-image-overlay\" style=\"background-image: url(https:\/\/svend-pedersen.dk\/wp-content\/uploads\/2023\/10\/HG-1.jpg);\">\n\t\t\t\t\t\t\t\t\t\t\t\t\t\t<\/div>\n\t\t\t\t\t<\/div>\n\t\t\t\t\t\t<\/div>\n\t\t\t\t<\/div>\n\t\t\t\t<div class=\"elementor-element elementor-element-74b3966 elementor-widget elementor-widget-video\" data-id=\"74b3966\" data-element_type=\"widget\" data-e-type=\"widget\" data-settings=\"{&quot;video_type&quot;:&quot;hosted&quot;,&quot;show_image_overlay&quot;:&quot;yes&quot;,&quot;image_overlay&quot;:{&quot;url&quot;:&quot;https:\\\/\\\/svendpedersen.wpengine.com\\\/wp-content\\\/uploads\\\/2023\\\/10\\\/OJM.jpg&quot;,&quot;id&quot;:415,&quot;size&quot;:&quot;&quot;,&quot;alt&quot;:&quot;&quot;,&quot;source&quot;:&quot;library&quot;},&quot;mute&quot;:&quot;yes&quot;,&quot;controls&quot;:&quot;yes&quot;}\" data-widget_type=\"video.default\">\n\t\t\t\t<div class=\"elementor-widget-container\">\n\t\t\t\t\t\t\t<div class=\"e-hosted-video elementor-wrapper elementor-open-inline\">\n\t\t\t\t\t<video class=\"elementor-video\" src=\"https:\/\/svendpedersen.wpengine.com\/wp-content\/uploads\/2023\/10\/OJM-med-Speak-1.mp4\" controls=\"\" preload=\"metadata\" muted=\"muted\" controlsList=\"nodownload\"><\/video>\n\t\t\t\t\t\t<div class=\"elementor-custom-embed-image-overlay\" style=\"background-image: url(https:\/\/svend-pedersen.dk\/wp-content\/uploads\/2023\/10\/OJM.jpg);\">\n\t\t\t\t\t\t\t\t\t\t\t\t\t\t<\/div>\n\t\t\t\t\t<\/div>\n\t\t\t\t\t\t<\/div>\n\t\t\t\t<\/div>\n\t\t\t\t<\/div>\n\t\t\t\t<\/div>\n\t\t","protected":false},"excerpt":{"rendered":"<p>PROFIL En st\u00e6rk profilvideo er en effektiv m\u00e5de at vise din virksomhed frem p\u00e5, illustrere hvorfor den er unik, og fort\u00e6lle om dens k\u00e6rnev\u00e6rdier. https:\/\/svendpedersen.wpengine.com\/wp-content\/uploads\/2023\/10\/Badelement-Profilfilm_1.mp4https:\/\/svendpedersen.wpengine.com\/wp-content\/uploads\/2023\/10\/Boligvex_1min-1.mp4https:\/\/svendpedersen.wpengine.com\/wp-content\/uploads\/2023\/10\/HG-Factory_2-1.mp4https:\/\/svendpedersen.wpengine.com\/wp-content\/uploads\/2023\/10\/OJM-med-Speak-1.mp4<\/p>\n","protected":false},"author":2,"featured_media":241,"parent":0,"menu_order":0,"comment_status":"closed","ping_status":"closed","template":"elementor_header_footer","meta":{"_seopress_robots_primary_cat":"","_seopress_titles_title":"Profilvideoer | Fort\u00e6l hvordan din virksomhed skiller sig ud ","_seopress_titles_desc":"En st\u00e6rk profilvideo er en effektiv m\u00e5de at vise din virksomhed frem p\u00e5, illustrere hvorfor den er unik, og fort\u00e6lle om dens k\u00e6rnev\u00e6rdier. Skal jeg skyde din n\u00e6ste profilvideo? S\u00e5 kontakt Svend Pedersen FOTO+FILM. ","_seopress_robots_index":"","_seopress_analysis_target_kw":"","footnotes":""},"class_list":["post-287","page","type-page","status-publish","has-post-thumbnail","hentry"],"yoast_head":"<!-- This site is optimized with the Yoast SEO plugin v27.3 - https:\/\/yoast.com\/product\/yoast-seo-wordpress\/ -->\n<title>Profil - SVEND PEDERSEN - FOTO+FILM<\/title>\n<meta name=\"robots\" content=\"index, follow, max-snippet:-1, max-image-preview:large, max-video-preview:-1\" \/>\n<link rel=\"canonical\" href=\"https:\/\/svend-pedersen.dk\/?page_id=287\" \/>\n<meta property=\"og:locale\" content=\"en_US\" \/>\n<meta property=\"og:type\" content=\"article\" \/>\n<meta property=\"og:title\" content=\"Profil - SVEND PEDERSEN - FOTO+FILM\" \/>\n<meta property=\"og:description\" content=\"PROFIL En st\u00e6rk profilvideo er en effektiv m\u00e5de at vise din virksomhed frem p\u00e5, illustrere hvorfor den er unik, og fort\u00e6lle om dens k\u00e6rnev\u00e6rdier. https:\/\/svendpedersen.wpengine.com\/wp-content\/uploads\/2023\/10\/Badelement-Profilfilm_1.mp4https:\/\/svendpedersen.wpengine.com\/wp-content\/uploads\/2023\/10\/Boligvex_1min-1.mp4https:\/\/svendpedersen.wpengine.com\/wp-content\/uploads\/2023\/10\/HG-Factory_2-1.mp4https:\/\/svendpedersen.wpengine.com\/wp-content\/uploads\/2023\/10\/OJM-med-Speak-1.mp4\" \/>\n<meta property=\"og:url\" content=\"https:\/\/svend-pedersen.dk\/?page_id=287\" \/>\n<meta property=\"og:site_name\" content=\"SVEND PEDERSEN - FOTO+FILM\" \/>\n<meta property=\"article:modified_time\" content=\"2025-01-06T09:36:36+00:00\" \/>\n<meta property=\"og:image\" content=\"https:\/\/svend-pedersen.dk\/wp-content\/uploads\/2023\/10\/SVEND_Webforside-final-1-1024x683.jpg\" \/>\n\t<meta property=\"og:image:width\" content=\"1024\" \/>\n\t<meta property=\"og:image:height\" content=\"683\" \/>\n\t<meta property=\"og:image:type\" content=\"image\/jpeg\" \/>\n<meta name=\"twitter:card\" content=\"summary_large_image\" \/>\n<meta name=\"twitter:label1\" content=\"Est. reading time\" \/>\n\t<meta name=\"twitter:data1\" content=\"1 minute\" \/>\n<script type=\"application\/ld+json\" class=\"yoast-schema-graph\">{\"@context\":\"https:\\\/\\\/schema.org\",\"@graph\":[{\"@type\":\"WebPage\",\"@id\":\"https:\\\/\\\/svend-pedersen.dk\\\/?page_id=287\",\"url\":\"https:\\\/\\\/svend-pedersen.dk\\\/?page_id=287\",\"name\":\"Profil - SVEND PEDERSEN - FOTO+FILM\",\"isPartOf\":{\"@id\":\"https:\\\/\\\/svend-pedersen.dk\\\/#website\"},\"primaryImageOfPage\":{\"@id\":\"https:\\\/\\\/svend-pedersen.dk\\\/?page_id=287#primaryimage\"},\"image\":{\"@id\":\"https:\\\/\\\/svend-pedersen.dk\\\/?page_id=287#primaryimage\"},\"thumbnailUrl\":\"https:\\\/\\\/svend-pedersen.dk\\\/wp-content\\\/uploads\\\/2023\\\/10\\\/SVEND_Webforside-final-1-scaled.jpg\",\"datePublished\":\"2023-10-24T11:47:19+00:00\",\"dateModified\":\"2025-01-06T09:36:36+00:00\",\"breadcrumb\":{\"@id\":\"https:\\\/\\\/svend-pedersen.dk\\\/?page_id=287#breadcrumb\"},\"inLanguage\":\"en-US\",\"potentialAction\":[{\"@type\":\"ReadAction\",\"target\":[\"https:\\\/\\\/svend-pedersen.dk\\\/?page_id=287\"]}]},{\"@type\":\"ImageObject\",\"inLanguage\":\"en-US\",\"@id\":\"https:\\\/\\\/svend-pedersen.dk\\\/?page_id=287#primaryimage\",\"url\":\"https:\\\/\\\/svend-pedersen.dk\\\/wp-content\\\/uploads\\\/2023\\\/10\\\/SVEND_Webforside-final-1-scaled.jpg\",\"contentUrl\":\"https:\\\/\\\/svend-pedersen.dk\\\/wp-content\\\/uploads\\\/2023\\\/10\\\/SVEND_Webforside-final-1-scaled.jpg\",\"width\":2560,\"height\":1707},{\"@type\":\"BreadcrumbList\",\"@id\":\"https:\\\/\\\/svend-pedersen.dk\\\/?page_id=287#breadcrumb\",\"itemListElement\":[{\"@type\":\"ListItem\",\"position\":1,\"name\":\"Home\",\"item\":\"https:\\\/\\\/svend-pedersen.dk\\\/\"},{\"@type\":\"ListItem\",\"position\":2,\"name\":\"Profil\"}]},{\"@type\":\"WebSite\",\"@id\":\"https:\\\/\\\/svend-pedersen.dk\\\/#website\",\"url\":\"https:\\\/\\\/svend-pedersen.dk\\\/\",\"name\":\"SVEND PEDERSEN - FOTO+FILM\",\"description\":\"Pedersens Store Antomhjemmeside\",\"potentialAction\":[{\"@type\":\"SearchAction\",\"target\":{\"@type\":\"EntryPoint\",\"urlTemplate\":\"https:\\\/\\\/svend-pedersen.dk\\\/?s={search_term_string}\"},\"query-input\":{\"@type\":\"PropertyValueSpecification\",\"valueRequired\":true,\"valueName\":\"search_term_string\"}}],\"inLanguage\":\"en-US\"}]}<\/script>\n<!-- \/ Yoast SEO plugin. -->","yoast_head_json":{"title":"Profil - SVEND PEDERSEN - FOTO+FILM","robots":{"index":"index","follow":"follow","max-snippet":"max-snippet:-1","max-image-preview":"max-image-preview:large","max-video-preview":"max-video-preview:-1"},"canonical":"https:\/\/svend-pedersen.dk\/?page_id=287","og_locale":"en_US","og_type":"article","og_title":"Profil - SVEND PEDERSEN - FOTO+FILM","og_description":"PROFIL En st\u00e6rk profilvideo er en effektiv m\u00e5de at vise din virksomhed frem p\u00e5, illustrere hvorfor den er unik, og fort\u00e6lle om dens k\u00e6rnev\u00e6rdier. https:\/\/svendpedersen.wpengine.com\/wp-content\/uploads\/2023\/10\/Badelement-Profilfilm_1.mp4https:\/\/svendpedersen.wpengine.com\/wp-content\/uploads\/2023\/10\/Boligvex_1min-1.mp4https:\/\/svendpedersen.wpengine.com\/wp-content\/uploads\/2023\/10\/HG-Factory_2-1.mp4https:\/\/svendpedersen.wpengine.com\/wp-content\/uploads\/2023\/10\/OJM-med-Speak-1.mp4","og_url":"https:\/\/svend-pedersen.dk\/?page_id=287","og_site_name":"SVEND PEDERSEN - FOTO+FILM","article_modified_time":"2025-01-06T09:36:36+00:00","og_image":[{"width":1024,"height":683,"url":"https:\/\/svend-pedersen.dk\/wp-content\/uploads\/2023\/10\/SVEND_Webforside-final-1-1024x683.jpg","type":"image\/jpeg"}],"twitter_card":"summary_large_image","twitter_misc":{"Est. reading time":"1 minute"},"schema":{"@context":"https:\/\/schema.org","@graph":[{"@type":"WebPage","@id":"https:\/\/svend-pedersen.dk\/?page_id=287","url":"https:\/\/svend-pedersen.dk\/?page_id=287","name":"Profil - SVEND PEDERSEN - FOTO+FILM","isPartOf":{"@id":"https:\/\/svend-pedersen.dk\/#website"},"primaryImageOfPage":{"@id":"https:\/\/svend-pedersen.dk\/?page_id=287#primaryimage"},"image":{"@id":"https:\/\/svend-pedersen.dk\/?page_id=287#primaryimage"},"thumbnailUrl":"https:\/\/svend-pedersen.dk\/wp-content\/uploads\/2023\/10\/SVEND_Webforside-final-1-scaled.jpg","datePublished":"2023-10-24T11:47:19+00:00","dateModified":"2025-01-06T09:36:36+00:00","breadcrumb":{"@id":"https:\/\/svend-pedersen.dk\/?page_id=287#breadcrumb"},"inLanguage":"en-US","potentialAction":[{"@type":"ReadAction","target":["https:\/\/svend-pedersen.dk\/?page_id=287"]}]},{"@type":"ImageObject","inLanguage":"en-US","@id":"https:\/\/svend-pedersen.dk\/?page_id=287#primaryimage","url":"https:\/\/svend-pedersen.dk\/wp-content\/uploads\/2023\/10\/SVEND_Webforside-final-1-scaled.jpg","contentUrl":"https:\/\/svend-pedersen.dk\/wp-content\/uploads\/2023\/10\/SVEND_Webforside-final-1-scaled.jpg","width":2560,"height":1707},{"@type":"BreadcrumbList","@id":"https:\/\/svend-pedersen.dk\/?page_id=287#breadcrumb","itemListElement":[{"@type":"ListItem","position":1,"name":"Home","item":"https:\/\/svend-pedersen.dk\/"},{"@type":"ListItem","position":2,"name":"Profil"}]},{"@type":"WebSite","@id":"https:\/\/svend-pedersen.dk\/#website","url":"https:\/\/svend-pedersen.dk\/","name":"SVEND PEDERSEN - FOTO+FILM","description":"Pedersens Store Antomhjemmeside","potentialAction":[{"@type":"SearchAction","target":{"@type":"EntryPoint","urlTemplate":"https:\/\/svend-pedersen.dk\/?s={search_term_string}"},"query-input":{"@type":"PropertyValueSpecification","valueRequired":true,"valueName":"search_term_string"}}],"inLanguage":"en-US"}]}},"featured_image_src":"https:\/\/svend-pedersen.dk\/wp-content\/uploads\/2023\/10\/SVEND_Webforside-final-1-600x400.jpg","featured_image_src_square":"https:\/\/svend-pedersen.dk\/wp-content\/uploads\/2023\/10\/SVEND_Webforside-final-1-600x600.jpg","_links":{"self":[{"href":"https:\/\/svend-pedersen.dk\/index.php?rest_route=\/wp\/v2\/pages\/287","targetHints":{"allow":["GET"]}}],"collection":[{"href":"https:\/\/svend-pedersen.dk\/index.php?rest_route=\/wp\/v2\/pages"}],"about":[{"href":"https:\/\/svend-pedersen.dk\/index.php?rest_route=\/wp\/v2\/types\/page"}],"author":[{"embeddable":true,"href":"https:\/\/svend-pedersen.dk\/index.php?rest_route=\/wp\/v2\/users\/2"}],"replies":[{"embeddable":true,"href":"https:\/\/svend-pedersen.dk\/index.php?rest_route=%2Fwp%2Fv2%2Fcomments&post=287"}],"version-history":[{"count":0,"href":"https:\/\/svend-pedersen.dk\/index.php?rest_route=\/wp\/v2\/pages\/287\/revisions"}],"wp:featuredmedia":[{"embeddable":true,"href":"https:\/\/svend-pedersen.dk\/index.php?rest_route=\/wp\/v2\/media\/241"}],"wp:attachment":[{"href":"https:\/\/svend-pedersen.dk\/index.php?rest_route=%2Fwp%2Fv2%2Fmedia&parent=287"}],"curies":[{"name":"wp","href":"https:\/\/api.w.org\/{rel}","templated":true}]}}