{"id":278,"date":"2023-10-24T10:31:53","date_gmt":"2023-10-24T09:31:53","guid":{"rendered":"https:\/\/svendpedersen.wpengine.com\/?page_id=278"},"modified":"2023-11-22T12:57:31","modified_gmt":"2023-11-22T11:57:31","slug":"portraetfoto","status":"publish","type":"page","link":"https:\/\/svend-pedersen.dk\/?page_id=278","title":{"rendered":"Portr\u00e6t"},"content":{"rendered":"\t\t<div data-elementor-type=\"wp-page\" data-elementor-id=\"278\" class=\"elementor elementor-278\" data-elementor-post-type=\"page\">\n\t\t\t\t<div class=\"elementor-element elementor-element-e195d69 e-con-full e-flex e-con e-parent\" data-id=\"e195d69\" data-element_type=\"container\" data-e-type=\"container\" data-settings=\"{&quot;background_background&quot;:&quot;slideshow&quot;,&quot;background_slideshow_gallery&quot;:[{&quot;id&quot;:521,&quot;url&quot;:&quot;https:\\\/\\\/svend-pedersen.dk\\\/wp-content\\\/uploads\\\/2023\\\/11\\\/MG_2638_SH.jpg&quot;}],&quot;background_slideshow_loop&quot;:&quot;yes&quot;,&quot;background_slideshow_slide_duration&quot;:5000,&quot;background_slideshow_slide_transition&quot;:&quot;fade&quot;,&quot;background_slideshow_transition_duration&quot;:500}\">\n\t\t\t\t<div class=\"elementor-element elementor-element-3896fca elementor-widget__width-inherit elementor-widget elementor-widget-text-editor\" data-id=\"3896fca\" data-element_type=\"widget\" data-e-type=\"widget\" data-widget_type=\"text-editor.default\">\n\t\t\t\t<div class=\"elementor-widget-container\">\n\t\t\t\t\t\t\t\t\t<h1><span style=\"color: #ffffff;\"><strong>PORTR\u00c6T<\/strong><\/span><\/h1>\n<p><span style=\"color: #ffffff;\">Portr\u00e6tfotos viser din virksomheds rygs\u00f8jle \u2013 nemlig medarbejderne. Det er vigtigt, at du og dine medarbejdere fremst\u00e5r dynamiske og im\u00f8dekommende.<\/span><\/p>\t\t\t\t\t\t\t\t<\/div>\n\t\t\t\t<\/div>\n\t\t\t\t<\/div>\n\t\t<div class=\"elementor-element elementor-element-6a0c713 e-grid e-con-full e-con e-parent\" data-id=\"6a0c713\" data-element_type=\"container\" data-e-type=\"container\">\n\t\t\t\t<div class=\"elementor-element elementor-element-0c3ce9e elementor-widget elementor-widget-image\" data-id=\"0c3ce9e\" data-element_type=\"widget\" data-e-type=\"widget\" data-widget_type=\"image.default\">\n\t\t\t\t<div class=\"elementor-widget-container\">\n\t\t\t\t\t\t\t\t\t\t\t\t\t\t\t<img decoding=\"async\" src=\"https:\/\/svend-pedersen.dk\/wp-content\/uploads\/2023\/11\/OL1007.jpg\" title=\"\u00d8L1007\" alt=\"\u00d8L1007\" loading=\"lazy\" \/>\t\t\t\t\t\t\t\t\t\t\t\t\t\t\t<\/div>\n\t\t\t\t<\/div>\n\t\t\t\t<div class=\"elementor-element elementor-element-c187b64 elementor-widget elementor-widget-image\" data-id=\"c187b64\" data-element_type=\"widget\" data-e-type=\"widget\" data-widget_type=\"image.default\">\n\t\t\t\t<div class=\"elementor-widget-container\">\n\t\t\t\t\t\t\t\t\t\t\t\t\t\t\t<img fetchpriority=\"high\" decoding=\"async\" width=\"1024\" height=\"683\" src=\"https:\/\/svend-pedersen.dk\/wp-content\/uploads\/2023\/11\/John-Bo-Jakobsen-2-1024x683.jpg\" class=\"attachment-large size-large wp-image-542\" alt=\"\" srcset=\"https:\/\/svend-pedersen.dk\/wp-content\/uploads\/2023\/11\/John-Bo-Jakobsen-2-1024x683.jpg 1024w, https:\/\/svend-pedersen.dk\/wp-content\/uploads\/2023\/11\/John-Bo-Jakobsen-2-300x200.jpg 300w, https:\/\/svend-pedersen.dk\/wp-content\/uploads\/2023\/11\/John-Bo-Jakobsen-2-768x512.jpg 768w, https:\/\/svend-pedersen.dk\/wp-content\/uploads\/2023\/11\/John-Bo-Jakobsen-2-600x400.jpg 600w, https:\/\/svend-pedersen.dk\/wp-content\/uploads\/2023\/11\/John-Bo-Jakobsen-2-112x75.jpg 112w, https:\/\/svend-pedersen.dk\/wp-content\/uploads\/2023\/11\/John-Bo-Jakobsen-2-480x320.jpg 480w\" sizes=\"(max-width:767px) 480px, (max-width:1024px) 100vw, 1024px\" \/>\t\t\t\t\t\t\t\t\t\t\t\t\t\t\t<\/div>\n\t\t\t\t<\/div>\n\t\t\t\t<div class=\"elementor-element elementor-element-3f30b37 elementor-widget elementor-widget-image\" data-id=\"3f30b37\" data-element_type=\"widget\" data-e-type=\"widget\" data-widget_type=\"image.default\">\n\t\t\t\t<div class=\"elementor-widget-container\">\n\t\t\t\t\t\t\t\t\t\t\t\t\t\t\t<img decoding=\"async\" width=\"1024\" height=\"683\" src=\"https:\/\/svend-pedersen.dk\/wp-content\/uploads\/2023\/11\/KIBO1601_03-1024x683.jpg\" class=\"attachment-large size-large wp-image-543\" alt=\"\" srcset=\"https:\/\/svend-pedersen.dk\/wp-content\/uploads\/2023\/11\/KIBO1601_03-1024x683.jpg 1024w, https:\/\/svend-pedersen.dk\/wp-content\/uploads\/2023\/11\/KIBO1601_03-300x200.jpg 300w, https:\/\/svend-pedersen.dk\/wp-content\/uploads\/2023\/11\/KIBO1601_03-768x512.jpg 768w, https:\/\/svend-pedersen.dk\/wp-content\/uploads\/2023\/11\/KIBO1601_03-600x400.jpg 600w, https:\/\/svend-pedersen.dk\/wp-content\/uploads\/2023\/11\/KIBO1601_03-112x75.jpg 112w, https:\/\/svend-pedersen.dk\/wp-content\/uploads\/2023\/11\/KIBO1601_03-480x320.jpg 480w\" sizes=\"(max-width:767px) 480px, (max-width:1024px) 100vw, 1024px\" \/>\t\t\t\t\t\t\t\t\t\t\t\t\t\t\t<\/div>\n\t\t\t\t<\/div>\n\t\t\t\t<\/div>\n\t\t<div class=\"elementor-element elementor-element-e25da96 e-grid e-con-full e-con e-parent\" data-id=\"e25da96\" data-element_type=\"container\" data-e-type=\"container\">\n\t\t\t\t<div class=\"elementor-element elementor-element-73abee6 elementor-widget elementor-widget-image\" data-id=\"73abee6\" data-element_type=\"widget\" data-e-type=\"widget\" data-widget_type=\"image.default\">\n\t\t\t\t<div class=\"elementor-widget-container\">\n\t\t\t\t\t\t\t\t\t\t\t\t\t\t\t<img decoding=\"async\" src=\"https:\/\/svend-pedersen.dk\/wp-content\/uploads\/elementor\/thumbs\/Blue-Install-Gronlundgaard-4-qfqgc8p71pvih3vkmnctdb1hgj8h19s9w2pdu49ni8.jpg\" title=\"Blue-Install-Gr\u00f8nlundgaard-4\" alt=\"Blue-Install-Gr\u00f8nlundgaard-4\" loading=\"lazy\" \/>\t\t\t\t\t\t\t\t\t\t\t\t\t\t\t<\/div>\n\t\t\t\t<\/div>\n\t\t\t\t<div class=\"elementor-element elementor-element-403d305 elementor-widget elementor-widget-image\" data-id=\"403d305\" data-element_type=\"widget\" data-e-type=\"widget\" data-widget_type=\"image.default\">\n\t\t\t\t<div class=\"elementor-widget-container\">\n\t\t\t\t\t\t\t\t\t\t\t\t\t\t\t<img decoding=\"async\" src=\"https:\/\/svend-pedersen.dk\/wp-content\/uploads\/elementor\/thumbs\/112149-qfqgc4003jp2v22ee3boiu86hlvmys9m7ffyfqgmdc.jpg\" title=\"112149\" alt=\"112149\" loading=\"lazy\" \/>\t\t\t\t\t\t\t\t\t\t\t\t\t\t\t<\/div>\n\t\t\t\t<\/div>\n\t\t\t\t<\/div>\n\t\t<div class=\"elementor-element elementor-element-b228dc1 e-con-full e-flex e-con e-parent\" data-id=\"b228dc1\" data-element_type=\"container\" data-e-type=\"container\">\n\t\t\t\t<div class=\"elementor-element elementor-element-56a43ba elementor-widget elementor-widget-image\" data-id=\"56a43ba\" data-element_type=\"widget\" data-e-type=\"widget\" data-widget_type=\"image.default\">\n\t\t\t\t<div class=\"elementor-widget-container\">\n\t\t\t\t\t\t\t\t\t\t\t\t\t\t\t<img decoding=\"async\" width=\"2362\" height=\"1581\" src=\"https:\/\/svend-pedersen.dk\/wp-content\/uploads\/2023\/11\/EI-Daka-000004.jpg\" class=\"attachment-full size-full wp-image-541\" alt=\"\" srcset=\"https:\/\/svend-pedersen.dk\/wp-content\/uploads\/2023\/11\/EI-Daka-000004.jpg 2362w, https:\/\/svend-pedersen.dk\/wp-content\/uploads\/2023\/11\/EI-Daka-000004-300x201.jpg 300w, https:\/\/svend-pedersen.dk\/wp-content\/uploads\/2023\/11\/EI-Daka-000004-1024x685.jpg 1024w, https:\/\/svend-pedersen.dk\/wp-content\/uploads\/2023\/11\/EI-Daka-000004-768x514.jpg 768w, https:\/\/svend-pedersen.dk\/wp-content\/uploads\/2023\/11\/EI-Daka-000004-1536x1028.jpg 1536w, https:\/\/svend-pedersen.dk\/wp-content\/uploads\/2023\/11\/EI-Daka-000004-2048x1371.jpg 2048w, https:\/\/svend-pedersen.dk\/wp-content\/uploads\/2023\/11\/EI-Daka-000004-112x75.jpg 112w, https:\/\/svend-pedersen.dk\/wp-content\/uploads\/2023\/11\/EI-Daka-000004-480x321.jpg 480w\" sizes=\"(max-width:767px) 480px, (max-width:2362px) 100vw, 2362px\" \/>\t\t\t\t\t\t\t\t\t\t\t\t\t\t\t<\/div>\n\t\t\t\t<\/div>\n\t\t\t\t<\/div>\n\t\t<div class=\"elementor-element elementor-element-bc3dc45 e-grid e-con-full e-con e-parent\" data-id=\"bc3dc45\" data-element_type=\"container\" data-e-type=\"container\">\n\t\t\t\t<div class=\"elementor-element elementor-element-2a9356b elementor-widget elementor-widget-image\" data-id=\"2a9356b\" data-element_type=\"widget\" data-e-type=\"widget\" data-widget_type=\"image.default\">\n\t\t\t\t<div class=\"elementor-widget-container\">\n\t\t\t\t\t\t\t\t\t\t\t\t\t\t\t<img decoding=\"async\" src=\"https:\/\/svend-pedersen.dk\/wp-content\/uploads\/elementor\/thumbs\/Y5A4995-qfqgbvjge1dhykeorho1eed1551c1ic169kl48t5xc.jpg\" title=\"_Y5A4995\" alt=\"_Y5A4995\" loading=\"lazy\" \/>\t\t\t\t\t\t\t\t\t\t\t\t\t\t\t<\/div>\n\t\t\t\t<\/div>\n\t\t\t\t<div class=\"elementor-element elementor-element-228e00f elementor-widget elementor-widget-image\" data-id=\"228e00f\" data-element_type=\"widget\" data-e-type=\"widget\" data-widget_type=\"image.default\">\n\t\t\t\t<div class=\"elementor-widget-container\">\n\t\t\t\t\t\t\t\t\t\t\t\t\t\t\t<img decoding=\"async\" src=\"https:\/\/svend-pedersen.dk\/wp-content\/uploads\/elementor\/thumbs\/F2A1234-qfqgbpwf915s0wmvof89zfs9ktt4rbpn5hno8l1iyo.jpg\" title=\"_F2A1234\" alt=\"_F2A1234\" loading=\"lazy\" \/>\t\t\t\t\t\t\t\t\t\t\t\t\t\t\t<\/div>\n\t\t\t\t<\/div>\n\t\t\t\t<\/div>\n\t\t<div class=\"elementor-element elementor-element-a91f980 e-grid e-con-full e-con e-parent\" data-id=\"a91f980\" data-element_type=\"container\" data-e-type=\"container\">\n\t\t\t\t<div class=\"elementor-element elementor-element-b50b1ae elementor-widget elementor-widget-image\" data-id=\"b50b1ae\" data-element_type=\"widget\" data-e-type=\"widget\" data-widget_type=\"image.default\">\n\t\t\t\t<div class=\"elementor-widget-container\">\n\t\t\t\t\t\t\t\t\t\t\t\t\t\t\t<img decoding=\"async\" src=\"https:\/\/svend-pedersen.dk\/wp-content\/uploads\/elementor\/thumbs\/Portraet_1-1-qfqgcoog9whdyh8d1c9h1p0bk31po4jpm9smztlykg.jpg\" title=\"Portr\u00e6t_1\" alt=\"Portr\u00e6t_1\" loading=\"lazy\" \/>\t\t\t\t\t\t\t\t\t\t\t\t\t\t\t<\/div>\n\t\t\t\t<\/div>\n\t\t\t\t<div class=\"elementor-element elementor-element-5f8b11e elementor-widget elementor-widget-image\" data-id=\"5f8b11e\" data-element_type=\"widget\" data-e-type=\"widget\" data-widget_type=\"image.default\">\n\t\t\t\t<div class=\"elementor-widget-container\">\n\t\t\t\t\t\t\t\t\t\t\t\t\t\t\t<img decoding=\"async\" src=\"https:\/\/svend-pedersen.dk\/wp-content\/uploads\/elementor\/thumbs\/Diverse-043-qfqgcbipm7zdfxrh66kp2sbv8oukod3gwgnu9y5gzk.jpg\" title=\"Diverse-043\" alt=\"Diverse-043\" loading=\"lazy\" \/>\t\t\t\t\t\t\t\t\t\t\t\t\t\t\t<\/div>\n\t\t\t\t<\/div>\n\t\t\t\t<div class=\"elementor-element elementor-element-720e278 elementor-widget elementor-widget-image\" data-id=\"720e278\" data-element_type=\"widget\" data-e-type=\"widget\" data-widget_type=\"image.default\">\n\t\t\t\t<div class=\"elementor-widget-container\">\n\t\t\t\t\t\t\t\t\t\t\t\t\t\t\t<img decoding=\"async\" src=\"https:\/\/svend-pedersen.dk\/wp-content\/uploads\/elementor\/thumbs\/Tandlaege_02-qfqdls3t5h38bkwakl6ooni9cijbqnwhcqld3o99a8.jpg\" title=\"Tandl\u00e6ge_02\" alt=\"Tandl\u00e6ge_02\" loading=\"lazy\" \/>\t\t\t\t\t\t\t\t\t\t\t\t\t\t\t<\/div>\n\t\t\t\t<\/div>\n\t\t\t\t<\/div>\n\t\t<div class=\"elementor-element elementor-element-d8c9161 e-con-full e-flex e-con e-parent\" data-id=\"d8c9161\" data-element_type=\"container\" data-e-type=\"container\">\n\t\t<div class=\"elementor-element elementor-element-d846732 e-con-full e-flex e-con e-child\" data-id=\"d846732\" data-element_type=\"container\" data-e-type=\"container\">\n\t\t\t\t<div class=\"elementor-element elementor-element-11051c7 elementor-widget elementor-widget-image\" data-id=\"11051c7\" data-element_type=\"widget\" data-e-type=\"widget\" data-widget_type=\"image.default\">\n\t\t\t\t<div class=\"elementor-widget-container\">\n\t\t\t\t\t\t\t\t\t\t\t\t\t\t\t<img decoding=\"async\" src=\"https:\/\/svend-pedersen.dk\/wp-content\/uploads\/elementor\/thumbs\/F2A4106-qfqgbspxtjbwu3vxk95ztceowd81hyxkjtlgs918m8.jpg\" title=\"_F2A4106\" alt=\"_F2A4106\" loading=\"lazy\" \/>\t\t\t\t\t\t\t\t\t\t\t\t\t\t\t<\/div>\n\t\t\t\t<\/div>\n\t\t\t\t<\/div>\n\t\t<div class=\"elementor-element elementor-element-203c492 e-con-full e-flex e-con e-child\" data-id=\"203c492\" data-element_type=\"container\" data-e-type=\"container\">\n\t\t<div class=\"elementor-element elementor-element-192d43c e-flex e-con-boxed e-con e-child\" data-id=\"192d43c\" data-element_type=\"container\" data-e-type=\"container\">\n\t\t\t\t\t<div class=\"e-con-inner\">\n\t\t\t\t<div class=\"elementor-element elementor-element-7d21350 elementor-widget elementor-widget-image\" data-id=\"7d21350\" data-element_type=\"widget\" data-e-type=\"widget\" data-widget_type=\"image.default\">\n\t\t\t\t<div class=\"elementor-widget-container\">\n\t\t\t\t\t\t\t\t\t\t\t\t\t\t\t<img decoding=\"async\" src=\"https:\/\/svend-pedersen.dk\/wp-content\/uploads\/elementor\/thumbs\/B8O3150-qfqgboyl2738ositajq8nb6s4zciqo9b3owyaspz8o.jpg\" title=\"_B8O3150\" alt=\"_B8O3150\" loading=\"lazy\" \/>\t\t\t\t\t\t\t\t\t\t\t\t\t\t\t<\/div>\n\t\t\t\t<\/div>\n\t\t\t\t<div class=\"elementor-element elementor-element-7b147ec elementor-widget elementor-widget-image\" data-id=\"7b147ec\" data-element_type=\"widget\" data-e-type=\"widget\" data-widget_type=\"image.default\">\n\t\t\t\t<div class=\"elementor-widget-container\">\n\t\t\t\t\t\t\t\t\t\t\t\t\t\t\t<img decoding=\"async\" src=\"https:\/\/svend-pedersen.dk\/wp-content\/uploads\/elementor\/thumbs\/261120-PJM0492-2-qfqgc6tio1rqv1jatvbebe9jgoqwxifbrhuymcmzv0.jpg\" title=\"261120-PJM0492-2\" alt=\"261120-PJM0492-2\" loading=\"lazy\" \/>\t\t\t\t\t\t\t\t\t\t\t\t\t\t\t<\/div>\n\t\t\t\t<\/div>\n\t\t\t\t\t<\/div>\n\t\t\t\t<\/div>\n\t\t\t\t<\/div>\n\t\t\t\t<\/div>\n\t\t<div class=\"elementor-element elementor-element-e8966b0 e-grid e-con-full e-con e-parent\" data-id=\"e8966b0\" data-element_type=\"container\" data-e-type=\"container\">\n\t\t\t\t<div class=\"elementor-element elementor-element-fcc89a9 elementor-widget elementor-widget-image\" data-id=\"fcc89a9\" data-element_type=\"widget\" data-e-type=\"widget\" data-widget_type=\"image.default\">\n\t\t\t\t<div class=\"elementor-widget-container\">\n\t\t\t\t\t\t\t\t\t\t\t\t\t\t\t<img decoding=\"async\" src=\"https:\/\/svend-pedersen.dk\/wp-content\/uploads\/elementor\/thumbs\/8K9A7018-qfqgc16hj1l7w86huk3stcxspg9jboyf71hhzwksw0.jpg\" title=\"8K9A7018\" alt=\"8K9A7018\" loading=\"lazy\" \/>\t\t\t\t\t\t\t\t\t\t\t\t\t\t\t<\/div>\n\t\t\t\t<\/div>\n\t\t\t\t<div class=\"elementor-element elementor-element-844e4a2 elementor-widget elementor-widget-image\" data-id=\"844e4a2\" data-element_type=\"widget\" data-e-type=\"widget\" data-widget_type=\"image.default\">\n\t\t\t\t<div class=\"elementor-widget-container\">\n\t\t\t\t\t\t\t\t\t\t\t\t\t\t\t<img decoding=\"async\" src=\"https:\/\/svend-pedersen.dk\/wp-content\/uploads\/elementor\/thumbs\/Y5A5185-qfqgbycyyjhcxealb0vx3vnexanfoln86nj1k2ozeo.jpg\" title=\"_Y5A5185\" alt=\"_Y5A5185\" loading=\"lazy\" \/>\t\t\t\t\t\t\t\t\t\t\t\t\t\t\t<\/div>\n\t\t\t\t<\/div>\n\t\t\t\t<\/div>\n\t\t\t\t<\/div>\n\t\t","protected":false},"excerpt":{"rendered":"<p>PORTR\u00c6T Portr\u00e6tfotos viser din virksomheds rygs\u00f8jle \u2013 nemlig medarbejderne. Det er vigtigt, at du og dine medarbejdere fremst\u00e5r dynamiske og im\u00f8dekommende.<\/p>\n","protected":false},"author":2,"featured_media":241,"parent":0,"menu_order":0,"comment_status":"closed","ping_status":"closed","template":"elementor_header_footer","meta":{"_seopress_robots_primary_cat":"","_seopress_titles_title":"Portr\u00e6tfotos | Book en erfaren portr\u00e6tfotograf","_seopress_titles_desc":"Professionelle portr\u00e6tfotos l\u00f8fter din markedsf\u00f8ring til et nyt niveau og viser virksomhedens rygs\u00f8jle - nemlig medarbejderne. F\u00e5 taget flotte portr\u00e6tfotos til din virksomhed. Kontakt Svend Pedersen FOTO+FILM.","_seopress_robots_index":"","_seopress_analysis_target_kw":"","footnotes":""},"class_list":["post-278","page","type-page","status-publish","has-post-thumbnail","hentry"],"yoast_head":"<!-- This site is optimized with the Yoast SEO plugin v27.3 - https:\/\/yoast.com\/product\/yoast-seo-wordpress\/ -->\n<title>Portr\u00e6t - SVEND PEDERSEN - FOTO+FILM<\/title>\n<meta name=\"robots\" content=\"index, follow, max-snippet:-1, max-image-preview:large, max-video-preview:-1\" \/>\n<link rel=\"canonical\" href=\"https:\/\/svend-pedersen.dk\/?page_id=278\" \/>\n<meta property=\"og:locale\" content=\"en_US\" \/>\n<meta property=\"og:type\" content=\"article\" \/>\n<meta property=\"og:title\" content=\"Portr\u00e6t - SVEND PEDERSEN - FOTO+FILM\" \/>\n<meta property=\"og:description\" content=\"PORTR\u00c6T Portr\u00e6tfotos viser din virksomheds rygs\u00f8jle \u2013 nemlig medarbejderne. Det er vigtigt, at du og dine medarbejdere fremst\u00e5r dynamiske og im\u00f8dekommende.\" \/>\n<meta property=\"og:url\" content=\"https:\/\/svend-pedersen.dk\/?page_id=278\" \/>\n<meta property=\"og:site_name\" content=\"SVEND PEDERSEN - FOTO+FILM\" \/>\n<meta property=\"article:modified_time\" content=\"2023-11-22T11:57:31+00:00\" \/>\n<meta property=\"og:image\" content=\"https:\/\/svend-pedersen.dk\/wp-content\/uploads\/2023\/10\/SVEND_Webforside-final-1-1024x683.jpg\" \/>\n\t<meta property=\"og:image:width\" content=\"1024\" \/>\n\t<meta property=\"og:image:height\" content=\"683\" \/>\n\t<meta property=\"og:image:type\" content=\"image\/jpeg\" \/>\n<meta name=\"twitter:card\" content=\"summary_large_image\" \/>\n<meta name=\"twitter:label1\" content=\"Est. reading time\" \/>\n\t<meta name=\"twitter:data1\" content=\"4 minutes\" \/>\n<script type=\"application\/ld+json\" class=\"yoast-schema-graph\">{\"@context\":\"https:\\\/\\\/schema.org\",\"@graph\":[{\"@type\":\"WebPage\",\"@id\":\"https:\\\/\\\/svend-pedersen.dk\\\/?page_id=278\",\"url\":\"https:\\\/\\\/svend-pedersen.dk\\\/?page_id=278\",\"name\":\"Portr\u00e6t - SVEND PEDERSEN - FOTO+FILM\",\"isPartOf\":{\"@id\":\"https:\\\/\\\/svend-pedersen.dk\\\/#website\"},\"primaryImageOfPage\":{\"@id\":\"https:\\\/\\\/svend-pedersen.dk\\\/?page_id=278#primaryimage\"},\"image\":{\"@id\":\"https:\\\/\\\/svend-pedersen.dk\\\/?page_id=278#primaryimage\"},\"thumbnailUrl\":\"https:\\\/\\\/svend-pedersen.dk\\\/wp-content\\\/uploads\\\/2023\\\/10\\\/SVEND_Webforside-final-1-scaled.jpg\",\"datePublished\":\"2023-10-24T09:31:53+00:00\",\"dateModified\":\"2023-11-22T11:57:31+00:00\",\"breadcrumb\":{\"@id\":\"https:\\\/\\\/svend-pedersen.dk\\\/?page_id=278#breadcrumb\"},\"inLanguage\":\"en-US\",\"potentialAction\":[{\"@type\":\"ReadAction\",\"target\":[\"https:\\\/\\\/svend-pedersen.dk\\\/?page_id=278\"]}]},{\"@type\":\"ImageObject\",\"inLanguage\":\"en-US\",\"@id\":\"https:\\\/\\\/svend-pedersen.dk\\\/?page_id=278#primaryimage\",\"url\":\"https:\\\/\\\/svend-pedersen.dk\\\/wp-content\\\/uploads\\\/2023\\\/10\\\/SVEND_Webforside-final-1-scaled.jpg\",\"contentUrl\":\"https:\\\/\\\/svend-pedersen.dk\\\/wp-content\\\/uploads\\\/2023\\\/10\\\/SVEND_Webforside-final-1-scaled.jpg\",\"width\":2560,\"height\":1707},{\"@type\":\"BreadcrumbList\",\"@id\":\"https:\\\/\\\/svend-pedersen.dk\\\/?page_id=278#breadcrumb\",\"itemListElement\":[{\"@type\":\"ListItem\",\"position\":1,\"name\":\"Home\",\"item\":\"https:\\\/\\\/svend-pedersen.dk\\\/\"},{\"@type\":\"ListItem\",\"position\":2,\"name\":\"Portr\u00e6t\"}]},{\"@type\":\"WebSite\",\"@id\":\"https:\\\/\\\/svend-pedersen.dk\\\/#website\",\"url\":\"https:\\\/\\\/svend-pedersen.dk\\\/\",\"name\":\"SVEND PEDERSEN - FOTO+FILM\",\"description\":\"Pedersens Store Antomhjemmeside\",\"potentialAction\":[{\"@type\":\"SearchAction\",\"target\":{\"@type\":\"EntryPoint\",\"urlTemplate\":\"https:\\\/\\\/svend-pedersen.dk\\\/?s={search_term_string}\"},\"query-input\":{\"@type\":\"PropertyValueSpecification\",\"valueRequired\":true,\"valueName\":\"search_term_string\"}}],\"inLanguage\":\"en-US\"}]}<\/script>\n<!-- \/ Yoast SEO plugin. -->","yoast_head_json":{"title":"Portr\u00e6t - SVEND PEDERSEN - FOTO+FILM","robots":{"index":"index","follow":"follow","max-snippet":"max-snippet:-1","max-image-preview":"max-image-preview:large","max-video-preview":"max-video-preview:-1"},"canonical":"https:\/\/svend-pedersen.dk\/?page_id=278","og_locale":"en_US","og_type":"article","og_title":"Portr\u00e6t - SVEND PEDERSEN - FOTO+FILM","og_description":"PORTR\u00c6T Portr\u00e6tfotos viser din virksomheds rygs\u00f8jle \u2013 nemlig medarbejderne. Det er vigtigt, at du og dine medarbejdere fremst\u00e5r dynamiske og im\u00f8dekommende.","og_url":"https:\/\/svend-pedersen.dk\/?page_id=278","og_site_name":"SVEND PEDERSEN - FOTO+FILM","article_modified_time":"2023-11-22T11:57:31+00:00","og_image":[{"width":1024,"height":683,"url":"https:\/\/svend-pedersen.dk\/wp-content\/uploads\/2023\/10\/SVEND_Webforside-final-1-1024x683.jpg","type":"image\/jpeg"}],"twitter_card":"summary_large_image","twitter_misc":{"Est. reading time":"4 minutes"},"schema":{"@context":"https:\/\/schema.org","@graph":[{"@type":"WebPage","@id":"https:\/\/svend-pedersen.dk\/?page_id=278","url":"https:\/\/svend-pedersen.dk\/?page_id=278","name":"Portr\u00e6t - SVEND PEDERSEN - FOTO+FILM","isPartOf":{"@id":"https:\/\/svend-pedersen.dk\/#website"},"primaryImageOfPage":{"@id":"https:\/\/svend-pedersen.dk\/?page_id=278#primaryimage"},"image":{"@id":"https:\/\/svend-pedersen.dk\/?page_id=278#primaryimage"},"thumbnailUrl":"https:\/\/svend-pedersen.dk\/wp-content\/uploads\/2023\/10\/SVEND_Webforside-final-1-scaled.jpg","datePublished":"2023-10-24T09:31:53+00:00","dateModified":"2023-11-22T11:57:31+00:00","breadcrumb":{"@id":"https:\/\/svend-pedersen.dk\/?page_id=278#breadcrumb"},"inLanguage":"en-US","potentialAction":[{"@type":"ReadAction","target":["https:\/\/svend-pedersen.dk\/?page_id=278"]}]},{"@type":"ImageObject","inLanguage":"en-US","@id":"https:\/\/svend-pedersen.dk\/?page_id=278#primaryimage","url":"https:\/\/svend-pedersen.dk\/wp-content\/uploads\/2023\/10\/SVEND_Webforside-final-1-scaled.jpg","contentUrl":"https:\/\/svend-pedersen.dk\/wp-content\/uploads\/2023\/10\/SVEND_Webforside-final-1-scaled.jpg","width":2560,"height":1707},{"@type":"BreadcrumbList","@id":"https:\/\/svend-pedersen.dk\/?page_id=278#breadcrumb","itemListElement":[{"@type":"ListItem","position":1,"name":"Home","item":"https:\/\/svend-pedersen.dk\/"},{"@type":"ListItem","position":2,"name":"Portr\u00e6t"}]},{"@type":"WebSite","@id":"https:\/\/svend-pedersen.dk\/#website","url":"https:\/\/svend-pedersen.dk\/","name":"SVEND PEDERSEN - FOTO+FILM","description":"Pedersens Store Antomhjemmeside","potentialAction":[{"@type":"SearchAction","target":{"@type":"EntryPoint","urlTemplate":"https:\/\/svend-pedersen.dk\/?s={search_term_string}"},"query-input":{"@type":"PropertyValueSpecification","valueRequired":true,"valueName":"search_term_string"}}],"inLanguage":"en-US"}]}},"featured_image_src":"https:\/\/svend-pedersen.dk\/wp-content\/uploads\/2023\/10\/SVEND_Webforside-final-1-600x400.jpg","featured_image_src_square":"https:\/\/svend-pedersen.dk\/wp-content\/uploads\/2023\/10\/SVEND_Webforside-final-1-600x600.jpg","_links":{"self":[{"href":"https:\/\/svend-pedersen.dk\/index.php?rest_route=\/wp\/v2\/pages\/278","targetHints":{"allow":["GET"]}}],"collection":[{"href":"https:\/\/svend-pedersen.dk\/index.php?rest_route=\/wp\/v2\/pages"}],"about":[{"href":"https:\/\/svend-pedersen.dk\/index.php?rest_route=\/wp\/v2\/types\/page"}],"author":[{"embeddable":true,"href":"https:\/\/svend-pedersen.dk\/index.php?rest_route=\/wp\/v2\/users\/2"}],"replies":[{"embeddable":true,"href":"https:\/\/svend-pedersen.dk\/index.php?rest_route=%2Fwp%2Fv2%2Fcomments&post=278"}],"version-history":[{"count":0,"href":"https:\/\/svend-pedersen.dk\/index.php?rest_route=\/wp\/v2\/pages\/278\/revisions"}],"wp:featuredmedia":[{"embeddable":true,"href":"https:\/\/svend-pedersen.dk\/index.php?rest_route=\/wp\/v2\/media\/241"}],"wp:attachment":[{"href":"https:\/\/svend-pedersen.dk\/index.php?rest_route=%2Fwp%2Fv2%2Fmedia&parent=278"}],"curies":[{"name":"wp","href":"https:\/\/api.w.org\/{rel}","templated":true}]}}