{"id":271,"date":"2023-10-24T09:23:05","date_gmt":"2023-10-24T08:23:05","guid":{"rendered":"https:\/\/svendpedersen.wpengine.com\/?page_id=271"},"modified":"2023-11-06T23:25:05","modified_gmt":"2023-11-06T22:25:05","slug":"video","status":"publish","type":"page","link":"https:\/\/svend-pedersen.dk\/?page_id=271","title":{"rendered":"Video"},"content":{"rendered":"\t\t<div data-elementor-type=\"wp-page\" data-elementor-id=\"271\" class=\"elementor elementor-271\" data-elementor-post-type=\"page\">\n\t\t\t\t<div class=\"elementor-element elementor-element-cbd6e53 e-grid e-con-boxed e-con e-parent\" data-id=\"cbd6e53\" data-element_type=\"container\" data-e-type=\"container\">\n\t\t\t\t\t<div class=\"e-con-inner\">\n\t\t\t\t<div class=\"elementor-element elementor-element-ec4fa35 elementor-widget elementor-widget-html\" data-id=\"ec4fa35\" data-element_type=\"widget\" data-e-type=\"widget\" data-widget_type=\"html.default\">\n\t\t\t\t<div class=\"elementor-widget-container\">\n\t\t\t\t\t\n\t\t\t\t<\/div>\n\t\t\t\t<\/div>\n\t\t\t\t\t<\/div>\n\t\t\t\t<\/div>\n\t\t<div class=\"elementor-element elementor-element-6a038ff e-con-full e-flex e-con e-parent\" data-id=\"6a038ff\" data-element_type=\"container\" data-e-type=\"container\">\n\t\t\t\t<div class=\"elementor-element elementor-element-3d07c46 elementor-widget elementor-widget-text-editor\" data-id=\"3d07c46\" data-element_type=\"widget\" data-e-type=\"widget\" data-widget_type=\"text-editor.default\">\n\t\t\t\t<div class=\"elementor-widget-container\">\n\t\t\t\t\t\t\t\t\t<h1><strong>VIDEO<\/strong><\/h1>\n<p>Som forbrugere er vi blevet meget mere visuelle i vores k\u00f8bstilgang. Mere end 70% af alle k\u00f8b starter med, at kunden har set en video. Uanset om k\u00f8bet er en billig kaffemaskine til sommerhuset eller en erhvervsm\u00e6ssig investering p\u00e5 et trecifret millionbel\u00f8b, er adf\u00e6rden den samme. Derfor er video, for de fleste virksomheder, et uundv\u00e6rligt v\u00e6rkt\u00f8j.<\/p>\t\t\t\t\t\t\t\t<\/div>\n\t\t\t\t<\/div>\n\t\t\t\t<\/div>\n\t\t<div class=\"elementor-element elementor-element-5537f3a e-grid e-con-full e-con e-parent\" data-id=\"5537f3a\" data-element_type=\"container\" data-e-type=\"container\">\n\t\t\t\t<div class=\"elementor-element elementor-element-ed6a167 elementor-widget elementor-widget-image\" data-id=\"ed6a167\" data-element_type=\"widget\" data-e-type=\"widget\" data-widget_type=\"image.default\">\n\t\t\t\t<div class=\"elementor-widget-container\">\n\t\t\t\t\t\t\t\t\t\t\t\t\t\t\t\t<a href=\"https:\/\/svendpedersen.wpengine.com\/?page_id=287\">\n\t\t\t\t\t\t\t<img decoding=\"async\" src=\"https:\/\/svend-pedersen.dk\/wp-content\/uploads\/elementor\/thumbs\/Proil-qedmozwrnsu3u8p6m2qz93e18ouyd0ga0oztgl3pz4.jpg\" title=\"Proil\" alt=\"Proil\" class=\"elementor-animation-grow\" loading=\"lazy\" \/>\t\t\t\t\t\t\t\t<\/a>\n\t\t\t\t\t\t\t\t\t\t\t\t\t\t\t<\/div>\n\t\t\t\t<\/div>\n\t\t\t\t<div class=\"elementor-element elementor-element-5050855 elementor-widget elementor-widget-image\" data-id=\"5050855\" data-element_type=\"widget\" data-e-type=\"widget\" data-widget_type=\"image.default\">\n\t\t\t\t<div class=\"elementor-widget-container\">\n\t\t\t\t\t\t\t\t\t\t\t\t\t\t\t\t<a href=\"https:\/\/svendpedersen.wpengine.com\/?page_id=248\">\n\t\t\t\t\t\t\t<img decoding=\"async\" src=\"https:\/\/svend-pedersen.dk\/wp-content\/uploads\/elementor\/thumbs\/Rekruttering-qedmp3o4f4z94ojq04dhj2fvm8cf7sv7d7lrdoy5a8.jpg\" title=\"Rekruttering\" alt=\"Rekruttering\" class=\"elementor-animation-grow\" loading=\"lazy\" \/>\t\t\t\t\t\t\t\t<\/a>\n\t\t\t\t\t\t\t\t\t\t\t\t\t\t\t<\/div>\n\t\t\t\t<\/div>\n\t\t\t\t<div class=\"elementor-element elementor-element-ddffa60 elementor-widget elementor-widget-image\" data-id=\"ddffa60\" data-element_type=\"widget\" data-e-type=\"widget\" data-widget_type=\"image.default\">\n\t\t\t\t<div class=\"elementor-widget-container\">\n\t\t\t\t\t\t\t\t\t\t\t\t\t\t\t\t<a href=\"https:\/\/svendpedersen.wpengine.com\/?page_id=297\">\n\t\t\t\t\t\t\t<img decoding=\"async\" src=\"https:\/\/svend-pedersen.dk\/wp-content\/uploads\/elementor\/thumbs\/Produkt-qedmow5ewgoyjsun814gz4c6v5dhi81co6dvjh9ao0.jpg\" title=\"Produkt\" alt=\"Produkt\" class=\"elementor-animation-grow\" loading=\"lazy\" \/>\t\t\t\t\t\t\t\t<\/a>\n\t\t\t\t\t\t\t\t\t\t\t\t\t\t\t<\/div>\n\t\t\t\t<\/div>\n\t\t\t\t<\/div>\n\t\t<div class=\"elementor-element elementor-element-a3f5cbc e-grid e-con-full e-con e-parent\" data-id=\"a3f5cbc\" data-element_type=\"container\" data-e-type=\"container\">\n\t\t\t\t<div class=\"elementor-element elementor-element-7323e5e elementor-widget elementor-widget-image\" data-id=\"7323e5e\" data-element_type=\"widget\" data-e-type=\"widget\" data-widget_type=\"image.default\">\n\t\t\t\t<div class=\"elementor-widget-container\">\n\t\t\t\t\t\t\t\t\t\t\t\t\t\t\t\t<a href=\"https:\/\/svendpedersen.wpengine.com\/?page_id=352\">\n\t\t\t\t\t\t\t<img decoding=\"async\" src=\"https:\/\/svend-pedersen.dk\/wp-content\/uploads\/elementor\/thumbs\/Event-qedmose254jt9d03tzhyp5achlw0nfmfbnrxmdevcw.jpg\" title=\"Event\" alt=\"Event\" class=\"elementor-animation-grow\" loading=\"lazy\" \/>\t\t\t\t\t\t\t\t<\/a>\n\t\t\t\t\t\t\t\t\t\t\t\t\t\t\t<\/div>\n\t\t\t\t<\/div>\n\t\t\t\t<div class=\"elementor-element elementor-element-6bb36a7 elementor-widget elementor-widget-image\" data-id=\"6bb36a7\" data-element_type=\"widget\" data-e-type=\"widget\" data-widget_type=\"image.default\">\n\t\t\t\t<div class=\"elementor-widget-container\">\n\t\t\t\t\t\t\t\t\t\t\t\t\t\t\t\t<a href=\"https:\/\/svendpedersen.wpengine.com\/?page_id=298\">\n\t\t\t\t\t\t\t<img decoding=\"async\" src=\"https:\/\/svend-pedersen.dk\/wp-content\/uploads\/elementor\/thumbs\/Testimonial-qedmp7fh6h4ef4e9e5zzt1hpzrtw2la4pq7passklc.jpg\" title=\"Testimonial\" alt=\"Testimonial\" class=\"elementor-animation-grow\" loading=\"lazy\" \/>\t\t\t\t\t\t\t\t<\/a>\n\t\t\t\t\t\t\t\t\t\t\t\t\t\t\t<\/div>\n\t\t\t\t<\/div>\n\t\t\t\t<div class=\"elementor-element elementor-element-ff8c940 elementor-widget elementor-widget-image\" data-id=\"ff8c940\" data-element_type=\"widget\" data-e-type=\"widget\" data-widget_type=\"image.default\">\n\t\t\t\t<div class=\"elementor-widget-container\">\n\t\t\t\t\t\t\t\t\t\t\t\t\t\t\t\t<a href=\"https:\/\/svendpedersen.wpengine.com\/?page_id=299\">\n\t\t\t\t\t\t\t<img decoding=\"async\" src=\"https:\/\/svend-pedersen.dk\/wp-content\/uploads\/elementor\/thumbs\/Diverse-qedmoompdsenyx5kfxvgf68i42ejsn7hz55zp9kg1s.jpg\" title=\"Diverse\" alt=\"Diverse\" class=\"elementor-animation-grow\" loading=\"lazy\" \/>\t\t\t\t\t\t\t\t<\/a>\n\t\t\t\t\t\t\t\t\t\t\t\t\t\t\t<\/div>\n\t\t\t\t<\/div>\n\t\t\t\t<\/div>\n\t\t\t\t<\/div>\n\t\t","protected":false},"excerpt":{"rendered":"<p>VIDEO Som forbrugere er vi blevet meget mere visuelle i vores k\u00f8bstilgang. Mere end 70% af alle k\u00f8b starter med, at kunden har set en video.<span class=\"excerpt-hellip\"> [\u2026]<\/span><\/p>\n","protected":false},"author":2,"featured_media":241,"parent":0,"menu_order":0,"comment_status":"closed","ping_status":"closed","template":"elementor_header_footer","meta":{"_seopress_robots_primary_cat":"","_seopress_titles_title":"Video | V\u00e6r mere visuel i din kommunikation","_seopress_titles_desc":"Som forbrugere er vi blevet meget mere visuelle i vores k\u00f8bstilgang. Mere end 70% af alle k\u00f8b starter med, at kunden har set en video. Derfor er video, for langt de fleste virksomheder, et uundv\u00e6rligt v\u00e6rkt\u00f8j.","_seopress_robots_index":"","_seopress_analysis_target_kw":"","footnotes":""},"class_list":["post-271","page","type-page","status-publish","has-post-thumbnail","hentry"],"yoast_head":"<!-- This site is optimized with the Yoast SEO plugin v27.3 - https:\/\/yoast.com\/product\/yoast-seo-wordpress\/ -->\n<title>Video - SVEND PEDERSEN - FOTO+FILM<\/title>\n<meta name=\"robots\" content=\"index, follow, max-snippet:-1, max-image-preview:large, max-video-preview:-1\" \/>\n<link rel=\"canonical\" href=\"https:\/\/svend-pedersen.dk\/?page_id=271\" \/>\n<meta property=\"og:locale\" content=\"en_US\" \/>\n<meta property=\"og:type\" content=\"article\" \/>\n<meta property=\"og:title\" content=\"Video - SVEND PEDERSEN - FOTO+FILM\" \/>\n<meta property=\"og:description\" content=\"VIDEO Som forbrugere er vi blevet meget mere visuelle i vores k\u00f8bstilgang. Mere end 70% af alle k\u00f8b starter med, at kunden har set en video. [\u2026]\" \/>\n<meta property=\"og:url\" content=\"https:\/\/svend-pedersen.dk\/?page_id=271\" \/>\n<meta property=\"og:site_name\" content=\"SVEND PEDERSEN - FOTO+FILM\" \/>\n<meta property=\"article:modified_time\" content=\"2023-11-06T22:25:05+00:00\" \/>\n<meta property=\"og:image\" content=\"https:\/\/svend-pedersen.dk\/wp-content\/uploads\/2023\/10\/SVEND_Webforside-final-1-1024x683.jpg\" \/>\n\t<meta property=\"og:image:width\" content=\"1024\" \/>\n\t<meta property=\"og:image:height\" content=\"683\" \/>\n\t<meta property=\"og:image:type\" content=\"image\/jpeg\" \/>\n<meta name=\"twitter:card\" content=\"summary_large_image\" \/>\n<script type=\"application\/ld+json\" class=\"yoast-schema-graph\">{\"@context\":\"https:\\\/\\\/schema.org\",\"@graph\":[{\"@type\":\"WebPage\",\"@id\":\"https:\\\/\\\/svend-pedersen.dk\\\/?page_id=271\",\"url\":\"https:\\\/\\\/svend-pedersen.dk\\\/?page_id=271\",\"name\":\"Video - SVEND PEDERSEN - FOTO+FILM\",\"isPartOf\":{\"@id\":\"https:\\\/\\\/svend-pedersen.dk\\\/#website\"},\"primaryImageOfPage\":{\"@id\":\"https:\\\/\\\/svend-pedersen.dk\\\/?page_id=271#primaryimage\"},\"image\":{\"@id\":\"https:\\\/\\\/svend-pedersen.dk\\\/?page_id=271#primaryimage\"},\"thumbnailUrl\":\"https:\\\/\\\/svend-pedersen.dk\\\/wp-content\\\/uploads\\\/2023\\\/10\\\/SVEND_Webforside-final-1-scaled.jpg\",\"datePublished\":\"2023-10-24T08:23:05+00:00\",\"dateModified\":\"2023-11-06T22:25:05+00:00\",\"breadcrumb\":{\"@id\":\"https:\\\/\\\/svend-pedersen.dk\\\/?page_id=271#breadcrumb\"},\"inLanguage\":\"en-US\",\"potentialAction\":[{\"@type\":\"ReadAction\",\"target\":[\"https:\\\/\\\/svend-pedersen.dk\\\/?page_id=271\"]}]},{\"@type\":\"ImageObject\",\"inLanguage\":\"en-US\",\"@id\":\"https:\\\/\\\/svend-pedersen.dk\\\/?page_id=271#primaryimage\",\"url\":\"https:\\\/\\\/svend-pedersen.dk\\\/wp-content\\\/uploads\\\/2023\\\/10\\\/SVEND_Webforside-final-1-scaled.jpg\",\"contentUrl\":\"https:\\\/\\\/svend-pedersen.dk\\\/wp-content\\\/uploads\\\/2023\\\/10\\\/SVEND_Webforside-final-1-scaled.jpg\",\"width\":2560,\"height\":1707},{\"@type\":\"BreadcrumbList\",\"@id\":\"https:\\\/\\\/svend-pedersen.dk\\\/?page_id=271#breadcrumb\",\"itemListElement\":[{\"@type\":\"ListItem\",\"position\":1,\"name\":\"Home\",\"item\":\"https:\\\/\\\/svend-pedersen.dk\\\/\"},{\"@type\":\"ListItem\",\"position\":2,\"name\":\"Video\"}]},{\"@type\":\"WebSite\",\"@id\":\"https:\\\/\\\/svend-pedersen.dk\\\/#website\",\"url\":\"https:\\\/\\\/svend-pedersen.dk\\\/\",\"name\":\"SVEND PEDERSEN - FOTO+FILM\",\"description\":\"Pedersens Store Antomhjemmeside\",\"potentialAction\":[{\"@type\":\"SearchAction\",\"target\":{\"@type\":\"EntryPoint\",\"urlTemplate\":\"https:\\\/\\\/svend-pedersen.dk\\\/?s={search_term_string}\"},\"query-input\":{\"@type\":\"PropertyValueSpecification\",\"valueRequired\":true,\"valueName\":\"search_term_string\"}}],\"inLanguage\":\"en-US\"}]}<\/script>\n<!-- \/ Yoast SEO plugin. -->","yoast_head_json":{"title":"Video - SVEND PEDERSEN - FOTO+FILM","robots":{"index":"index","follow":"follow","max-snippet":"max-snippet:-1","max-image-preview":"max-image-preview:large","max-video-preview":"max-video-preview:-1"},"canonical":"https:\/\/svend-pedersen.dk\/?page_id=271","og_locale":"en_US","og_type":"article","og_title":"Video - SVEND PEDERSEN - FOTO+FILM","og_description":"VIDEO Som forbrugere er vi blevet meget mere visuelle i vores k\u00f8bstilgang. Mere end 70% af alle k\u00f8b starter med, at kunden har set en video. [\u2026]","og_url":"https:\/\/svend-pedersen.dk\/?page_id=271","og_site_name":"SVEND PEDERSEN - FOTO+FILM","article_modified_time":"2023-11-06T22:25:05+00:00","og_image":[{"width":1024,"height":683,"url":"https:\/\/svend-pedersen.dk\/wp-content\/uploads\/2023\/10\/SVEND_Webforside-final-1-1024x683.jpg","type":"image\/jpeg"}],"twitter_card":"summary_large_image","schema":{"@context":"https:\/\/schema.org","@graph":[{"@type":"WebPage","@id":"https:\/\/svend-pedersen.dk\/?page_id=271","url":"https:\/\/svend-pedersen.dk\/?page_id=271","name":"Video - SVEND PEDERSEN - FOTO+FILM","isPartOf":{"@id":"https:\/\/svend-pedersen.dk\/#website"},"primaryImageOfPage":{"@id":"https:\/\/svend-pedersen.dk\/?page_id=271#primaryimage"},"image":{"@id":"https:\/\/svend-pedersen.dk\/?page_id=271#primaryimage"},"thumbnailUrl":"https:\/\/svend-pedersen.dk\/wp-content\/uploads\/2023\/10\/SVEND_Webforside-final-1-scaled.jpg","datePublished":"2023-10-24T08:23:05+00:00","dateModified":"2023-11-06T22:25:05+00:00","breadcrumb":{"@id":"https:\/\/svend-pedersen.dk\/?page_id=271#breadcrumb"},"inLanguage":"en-US","potentialAction":[{"@type":"ReadAction","target":["https:\/\/svend-pedersen.dk\/?page_id=271"]}]},{"@type":"ImageObject","inLanguage":"en-US","@id":"https:\/\/svend-pedersen.dk\/?page_id=271#primaryimage","url":"https:\/\/svend-pedersen.dk\/wp-content\/uploads\/2023\/10\/SVEND_Webforside-final-1-scaled.jpg","contentUrl":"https:\/\/svend-pedersen.dk\/wp-content\/uploads\/2023\/10\/SVEND_Webforside-final-1-scaled.jpg","width":2560,"height":1707},{"@type":"BreadcrumbList","@id":"https:\/\/svend-pedersen.dk\/?page_id=271#breadcrumb","itemListElement":[{"@type":"ListItem","position":1,"name":"Home","item":"https:\/\/svend-pedersen.dk\/"},{"@type":"ListItem","position":2,"name":"Video"}]},{"@type":"WebSite","@id":"https:\/\/svend-pedersen.dk\/#website","url":"https:\/\/svend-pedersen.dk\/","name":"SVEND PEDERSEN - FOTO+FILM","description":"Pedersens Store Antomhjemmeside","potentialAction":[{"@type":"SearchAction","target":{"@type":"EntryPoint","urlTemplate":"https:\/\/svend-pedersen.dk\/?s={search_term_string}"},"query-input":{"@type":"PropertyValueSpecification","valueRequired":true,"valueName":"search_term_string"}}],"inLanguage":"en-US"}]}},"featured_image_src":"https:\/\/svend-pedersen.dk\/wp-content\/uploads\/2023\/10\/SVEND_Webforside-final-1-600x400.jpg","featured_image_src_square":"https:\/\/svend-pedersen.dk\/wp-content\/uploads\/2023\/10\/SVEND_Webforside-final-1-600x600.jpg","_links":{"self":[{"href":"https:\/\/svend-pedersen.dk\/index.php?rest_route=\/wp\/v2\/pages\/271","targetHints":{"allow":["GET"]}}],"collection":[{"href":"https:\/\/svend-pedersen.dk\/index.php?rest_route=\/wp\/v2\/pages"}],"about":[{"href":"https:\/\/svend-pedersen.dk\/index.php?rest_route=\/wp\/v2\/types\/page"}],"author":[{"embeddable":true,"href":"https:\/\/svend-pedersen.dk\/index.php?rest_route=\/wp\/v2\/users\/2"}],"replies":[{"embeddable":true,"href":"https:\/\/svend-pedersen.dk\/index.php?rest_route=%2Fwp%2Fv2%2Fcomments&post=271"}],"version-history":[{"count":0,"href":"https:\/\/svend-pedersen.dk\/index.php?rest_route=\/wp\/v2\/pages\/271\/revisions"}],"wp:featuredmedia":[{"embeddable":true,"href":"https:\/\/svend-pedersen.dk\/index.php?rest_route=\/wp\/v2\/media\/241"}],"wp:attachment":[{"href":"https:\/\/svend-pedersen.dk\/index.php?rest_route=%2Fwp%2Fv2%2Fmedia&parent=271"}],"curies":[{"name":"wp","href":"https:\/\/api.w.org\/{rel}","templated":true}]}}