{"id":246,"date":"2023-10-23T20:56:50","date_gmt":"2023-10-23T19:56:50","guid":{"rendered":"https:\/\/svendpedersen.wpengine.com\/?page_id=246"},"modified":"2023-11-06T16:11:32","modified_gmt":"2023-11-06T15:11:32","slug":"elementor-side-246","status":"publish","type":"page","link":"https:\/\/svend-pedersen.dk\/?page_id=246","title":{"rendered":"Galleri"},"content":{"rendered":"\t\t<div data-elementor-type=\"wp-page\" data-elementor-id=\"246\" class=\"elementor elementor-246\" data-elementor-post-type=\"page\">\n\t\t\t\t<div class=\"elementor-element elementor-element-e51fa1b e-con-full e-flex e-con e-parent\" data-id=\"e51fa1b\" data-element_type=\"container\" data-e-type=\"container\">\n\t\t\t\t<div class=\"elementor-element elementor-element-a4a68b9 elementor-widget elementor-widget-text-editor\" data-id=\"a4a68b9\" data-element_type=\"widget\" data-e-type=\"widget\" data-widget_type=\"text-editor.default\">\n\t\t\t\t<div class=\"elementor-widget-container\">\n\t\t\t\t\t\t\t\t\t<h1><strong>GALLERI<\/strong><\/h1><p>N\u00e5r f\u00f8rst stilen er lagt, websitet er live, og brochuren er trykt, glemmer mange virksomheder at holde deres visuelle identitet ved lige. De billeder og videoer du har p\u00e5 dit website, er afg\u00f8rende for det indtryk, du efterlader hos dine kunder. Derfor skal du forny dit visuelle indhold fra tid til anden, s\u00e5 du viser, at du har fingeren p\u00e5 pulsen, og giver et retvisende billede af, hvem I er som virksomhed.<\/p>\t\t\t\t\t\t\t\t<\/div>\n\t\t\t\t<\/div>\n\t\t\t\t<\/div>\n\t\t<div class=\"elementor-element elementor-element-c898058 e-grid e-con-full e-con e-parent\" data-id=\"c898058\" data-element_type=\"container\" data-e-type=\"container\">\n\t\t\t\t<div class=\"elementor-element elementor-element-83812de elementor-widget elementor-widget-image\" data-id=\"83812de\" data-element_type=\"widget\" data-e-type=\"widget\" data-widget_type=\"image.default\">\n\t\t\t\t<div class=\"elementor-widget-container\">\n\t\t\t\t\t\t\t\t\t\t\t\t\t\t\t\t<a href=\"https:\/\/svendpedersen.wpengine.com\/?page_id=278\">\n\t\t\t\t\t\t\t<img decoding=\"async\" src=\"https:\/\/svend-pedersen.dk\/wp-content\/uploads\/elementor\/thumbs\/Portraet-qednme4cgwjubi6wm0etc60l0i9etw0yxzdu9hl6ww.jpg\" title=\"Portr\u00e6t\" alt=\"Portr\u00e6t\" class=\"elementor-animation-grow\" loading=\"lazy\" \/>\t\t\t\t\t\t\t\t<\/a>\n\t\t\t\t\t\t\t\t\t\t\t\t\t\t\t<\/div>\n\t\t\t\t<\/div>\n\t\t\t\t<div class=\"elementor-element elementor-element-1dcbe0d elementor-widget elementor-widget-image\" data-id=\"1dcbe0d\" data-element_type=\"widget\" data-e-type=\"widget\" data-widget_type=\"image.default\">\n\t\t\t\t<div class=\"elementor-widget-container\">\n\t\t\t\t\t\t\t\t\t\t\t\t\t\t\t\t<a href=\"https:\/\/svendpedersen.wpengine.com\/?page_id=284\">\n\t\t\t\t\t\t\t<img decoding=\"async\" src=\"https:\/\/svend-pedersen.dk\/wp-content\/uploads\/elementor\/thumbs\/Erhverv-qednmc8o38h9oa9mwzlk76hntqioehti9q2vaxnz9c.jpg\" title=\"Erhverv\" alt=\"Erhverv\" class=\"elementor-animation-grow\" loading=\"lazy\" \/>\t\t\t\t\t\t\t\t<\/a>\n\t\t\t\t\t\t\t\t\t\t\t\t\t\t\t<\/div>\n\t\t\t\t<\/div>\n\t\t\t\t<\/div>\n\t\t<div class=\"elementor-element elementor-element-0cf76d9 e-grid e-con-full e-con e-parent\" data-id=\"0cf76d9\" data-element_type=\"container\" data-e-type=\"container\">\n\t\t\t\t<div class=\"elementor-element elementor-element-a59e68b elementor-widget elementor-widget-image\" data-id=\"a59e68b\" data-element_type=\"widget\" data-e-type=\"widget\" data-widget_type=\"image.default\">\n\t\t\t\t<div class=\"elementor-widget-container\">\n\t\t\t\t\t\t\t\t\t\t\t\t\t\t\t\t<a href=\"https:\/\/svendpedersen.wpengine.com\/?page_id=285\">\n\t\t\t\t\t\t\t<img decoding=\"async\" src=\"https:\/\/svend-pedersen.dk\/wp-content\/uploads\/elementor\/thumbs\/Produkt-1-qedrpofxdc6bju8zk6dajhzrz2axyhqtizfufd7dxc.jpg\" title=\"Produkt\" alt=\"Produkt\" class=\"elementor-animation-grow\" loading=\"lazy\" \/>\t\t\t\t\t\t\t\t<\/a>\n\t\t\t\t\t\t\t\t\t\t\t\t\t\t\t<\/div>\n\t\t\t\t<\/div>\n\t\t\t\t<div class=\"elementor-element elementor-element-4b2f589 elementor-widget elementor-widget-image\" data-id=\"4b2f589\" data-element_type=\"widget\" data-e-type=\"widget\" data-widget_type=\"image.default\">\n\t\t\t\t<div class=\"elementor-widget-container\">\n\t\t\t\t\t\t\t\t\t\t\t\t\t\t\t\t<a href=\"https:\/\/svendpedersen.wpengine.com\/?page_id=296\">\n\t\t\t\t\t\t\t<img decoding=\"async\" src=\"https:\/\/svend-pedersen.dk\/wp-content\/uploads\/elementor\/thumbs\/Diverse-1-qednm9f5iqdepgdqdgdohp7a1kwkreib9c4ev3s5s0.jpg\" title=\"Diverse\" alt=\"Diverse\" class=\"elementor-animation-grow\" loading=\"lazy\" \/>\t\t\t\t\t\t\t\t<\/a>\n\t\t\t\t\t\t\t\t\t\t\t\t\t\t\t<\/div>\n\t\t\t\t<\/div>\n\t\t\t\t<\/div>\n\t\t\t\t<\/div>\n\t\t","protected":false},"excerpt":{"rendered":"<p>GALLERI N\u00e5r f\u00f8rst stilen er lagt, websitet er live, og brochuren er trykt, glemmer mange virksomheder at holde deres visuelle identitet ved lige. De billeder og<span class=\"excerpt-hellip\"> [\u2026]<\/span><\/p>\n","protected":false},"author":2,"featured_media":241,"parent":0,"menu_order":0,"comment_status":"closed","ping_status":"closed","template":"elementor_header_footer","meta":{"_seopress_robots_primary_cat":"","_seopress_titles_title":"Galleri | Hold din visuelle identitet ved lige ","_seopress_titles_desc":"Gode erhvervsfotos er afg\u00f8rende for det indtryk din virksomhed efterlader hos dine kunder. Som erfaren erhvervsfotograf hj\u00e6lper jeg virksomheder med at skabe en god visuel profil med fotos der fort\u00e6ller en historie. ","_seopress_robots_index":"","_seopress_analysis_target_kw":"","footnotes":""},"class_list":["post-246","page","type-page","status-publish","has-post-thumbnail","hentry"],"yoast_head":"<!-- This site is optimized with the Yoast SEO plugin v27.3 - https:\/\/yoast.com\/product\/yoast-seo-wordpress\/ -->\n<title>Galleri - SVEND PEDERSEN - FOTO+FILM<\/title>\n<meta name=\"robots\" content=\"index, follow, max-snippet:-1, max-image-preview:large, max-video-preview:-1\" \/>\n<link rel=\"canonical\" href=\"https:\/\/svend-pedersen.dk\/?page_id=246\" \/>\n<meta property=\"og:locale\" content=\"en_US\" \/>\n<meta property=\"og:type\" content=\"article\" \/>\n<meta property=\"og:title\" content=\"Galleri - SVEND PEDERSEN - FOTO+FILM\" \/>\n<meta property=\"og:description\" content=\"GALLERI N\u00e5r f\u00f8rst stilen er lagt, websitet er live, og brochuren er trykt, glemmer mange virksomheder at holde deres visuelle identitet ved lige. De billeder og [\u2026]\" \/>\n<meta property=\"og:url\" content=\"https:\/\/svend-pedersen.dk\/?page_id=246\" \/>\n<meta property=\"og:site_name\" content=\"SVEND PEDERSEN - FOTO+FILM\" \/>\n<meta property=\"article:modified_time\" content=\"2023-11-06T15:11:32+00:00\" \/>\n<meta property=\"og:image\" content=\"https:\/\/svend-pedersen.dk\/wp-content\/uploads\/2023\/10\/SVEND_Webforside-final-1-1024x683.jpg\" \/>\n\t<meta property=\"og:image:width\" content=\"1024\" \/>\n\t<meta property=\"og:image:height\" content=\"683\" \/>\n\t<meta property=\"og:image:type\" content=\"image\/jpeg\" \/>\n<meta name=\"twitter:card\" content=\"summary_large_image\" \/>\n<script type=\"application\/ld+json\" class=\"yoast-schema-graph\">{\"@context\":\"https:\\\/\\\/schema.org\",\"@graph\":[{\"@type\":\"WebPage\",\"@id\":\"https:\\\/\\\/svend-pedersen.dk\\\/?page_id=246\",\"url\":\"https:\\\/\\\/svend-pedersen.dk\\\/?page_id=246\",\"name\":\"Galleri - SVEND PEDERSEN - FOTO+FILM\",\"isPartOf\":{\"@id\":\"https:\\\/\\\/svend-pedersen.dk\\\/#website\"},\"primaryImageOfPage\":{\"@id\":\"https:\\\/\\\/svend-pedersen.dk\\\/?page_id=246#primaryimage\"},\"image\":{\"@id\":\"https:\\\/\\\/svend-pedersen.dk\\\/?page_id=246#primaryimage\"},\"thumbnailUrl\":\"https:\\\/\\\/svend-pedersen.dk\\\/wp-content\\\/uploads\\\/2023\\\/10\\\/SVEND_Webforside-final-1-scaled.jpg\",\"datePublished\":\"2023-10-23T19:56:50+00:00\",\"dateModified\":\"2023-11-06T15:11:32+00:00\",\"breadcrumb\":{\"@id\":\"https:\\\/\\\/svend-pedersen.dk\\\/?page_id=246#breadcrumb\"},\"inLanguage\":\"en-US\",\"potentialAction\":[{\"@type\":\"ReadAction\",\"target\":[\"https:\\\/\\\/svend-pedersen.dk\\\/?page_id=246\"]}]},{\"@type\":\"ImageObject\",\"inLanguage\":\"en-US\",\"@id\":\"https:\\\/\\\/svend-pedersen.dk\\\/?page_id=246#primaryimage\",\"url\":\"https:\\\/\\\/svend-pedersen.dk\\\/wp-content\\\/uploads\\\/2023\\\/10\\\/SVEND_Webforside-final-1-scaled.jpg\",\"contentUrl\":\"https:\\\/\\\/svend-pedersen.dk\\\/wp-content\\\/uploads\\\/2023\\\/10\\\/SVEND_Webforside-final-1-scaled.jpg\",\"width\":2560,\"height\":1707},{\"@type\":\"BreadcrumbList\",\"@id\":\"https:\\\/\\\/svend-pedersen.dk\\\/?page_id=246#breadcrumb\",\"itemListElement\":[{\"@type\":\"ListItem\",\"position\":1,\"name\":\"Home\",\"item\":\"https:\\\/\\\/svend-pedersen.dk\\\/\"},{\"@type\":\"ListItem\",\"position\":2,\"name\":\"Galleri\"}]},{\"@type\":\"WebSite\",\"@id\":\"https:\\\/\\\/svend-pedersen.dk\\\/#website\",\"url\":\"https:\\\/\\\/svend-pedersen.dk\\\/\",\"name\":\"SVEND PEDERSEN - FOTO+FILM\",\"description\":\"Pedersens Store Antomhjemmeside\",\"potentialAction\":[{\"@type\":\"SearchAction\",\"target\":{\"@type\":\"EntryPoint\",\"urlTemplate\":\"https:\\\/\\\/svend-pedersen.dk\\\/?s={search_term_string}\"},\"query-input\":{\"@type\":\"PropertyValueSpecification\",\"valueRequired\":true,\"valueName\":\"search_term_string\"}}],\"inLanguage\":\"en-US\"}]}<\/script>\n<!-- \/ Yoast SEO plugin. -->","yoast_head_json":{"title":"Galleri - SVEND PEDERSEN - FOTO+FILM","robots":{"index":"index","follow":"follow","max-snippet":"max-snippet:-1","max-image-preview":"max-image-preview:large","max-video-preview":"max-video-preview:-1"},"canonical":"https:\/\/svend-pedersen.dk\/?page_id=246","og_locale":"en_US","og_type":"article","og_title":"Galleri - SVEND PEDERSEN - FOTO+FILM","og_description":"GALLERI N\u00e5r f\u00f8rst stilen er lagt, websitet er live, og brochuren er trykt, glemmer mange virksomheder at holde deres visuelle identitet ved lige. De billeder og [\u2026]","og_url":"https:\/\/svend-pedersen.dk\/?page_id=246","og_site_name":"SVEND PEDERSEN - FOTO+FILM","article_modified_time":"2023-11-06T15:11:32+00:00","og_image":[{"width":1024,"height":683,"url":"https:\/\/svend-pedersen.dk\/wp-content\/uploads\/2023\/10\/SVEND_Webforside-final-1-1024x683.jpg","type":"image\/jpeg"}],"twitter_card":"summary_large_image","schema":{"@context":"https:\/\/schema.org","@graph":[{"@type":"WebPage","@id":"https:\/\/svend-pedersen.dk\/?page_id=246","url":"https:\/\/svend-pedersen.dk\/?page_id=246","name":"Galleri - SVEND PEDERSEN - FOTO+FILM","isPartOf":{"@id":"https:\/\/svend-pedersen.dk\/#website"},"primaryImageOfPage":{"@id":"https:\/\/svend-pedersen.dk\/?page_id=246#primaryimage"},"image":{"@id":"https:\/\/svend-pedersen.dk\/?page_id=246#primaryimage"},"thumbnailUrl":"https:\/\/svend-pedersen.dk\/wp-content\/uploads\/2023\/10\/SVEND_Webforside-final-1-scaled.jpg","datePublished":"2023-10-23T19:56:50+00:00","dateModified":"2023-11-06T15:11:32+00:00","breadcrumb":{"@id":"https:\/\/svend-pedersen.dk\/?page_id=246#breadcrumb"},"inLanguage":"en-US","potentialAction":[{"@type":"ReadAction","target":["https:\/\/svend-pedersen.dk\/?page_id=246"]}]},{"@type":"ImageObject","inLanguage":"en-US","@id":"https:\/\/svend-pedersen.dk\/?page_id=246#primaryimage","url":"https:\/\/svend-pedersen.dk\/wp-content\/uploads\/2023\/10\/SVEND_Webforside-final-1-scaled.jpg","contentUrl":"https:\/\/svend-pedersen.dk\/wp-content\/uploads\/2023\/10\/SVEND_Webforside-final-1-scaled.jpg","width":2560,"height":1707},{"@type":"BreadcrumbList","@id":"https:\/\/svend-pedersen.dk\/?page_id=246#breadcrumb","itemListElement":[{"@type":"ListItem","position":1,"name":"Home","item":"https:\/\/svend-pedersen.dk\/"},{"@type":"ListItem","position":2,"name":"Galleri"}]},{"@type":"WebSite","@id":"https:\/\/svend-pedersen.dk\/#website","url":"https:\/\/svend-pedersen.dk\/","name":"SVEND PEDERSEN - FOTO+FILM","description":"Pedersens Store Antomhjemmeside","potentialAction":[{"@type":"SearchAction","target":{"@type":"EntryPoint","urlTemplate":"https:\/\/svend-pedersen.dk\/?s={search_term_string}"},"query-input":{"@type":"PropertyValueSpecification","valueRequired":true,"valueName":"search_term_string"}}],"inLanguage":"en-US"}]}},"featured_image_src":"https:\/\/svend-pedersen.dk\/wp-content\/uploads\/2023\/10\/SVEND_Webforside-final-1-600x400.jpg","featured_image_src_square":"https:\/\/svend-pedersen.dk\/wp-content\/uploads\/2023\/10\/SVEND_Webforside-final-1-600x600.jpg","_links":{"self":[{"href":"https:\/\/svend-pedersen.dk\/index.php?rest_route=\/wp\/v2\/pages\/246","targetHints":{"allow":["GET"]}}],"collection":[{"href":"https:\/\/svend-pedersen.dk\/index.php?rest_route=\/wp\/v2\/pages"}],"about":[{"href":"https:\/\/svend-pedersen.dk\/index.php?rest_route=\/wp\/v2\/types\/page"}],"author":[{"embeddable":true,"href":"https:\/\/svend-pedersen.dk\/index.php?rest_route=\/wp\/v2\/users\/2"}],"replies":[{"embeddable":true,"href":"https:\/\/svend-pedersen.dk\/index.php?rest_route=%2Fwp%2Fv2%2Fcomments&post=246"}],"version-history":[{"count":0,"href":"https:\/\/svend-pedersen.dk\/index.php?rest_route=\/wp\/v2\/pages\/246\/revisions"}],"wp:featuredmedia":[{"embeddable":true,"href":"https:\/\/svend-pedersen.dk\/index.php?rest_route=\/wp\/v2\/media\/241"}],"wp:attachment":[{"href":"https:\/\/svend-pedersen.dk\/index.php?rest_route=%2Fwp%2Fv2%2Fmedia&parent=246"}],"curies":[{"name":"wp","href":"https:\/\/api.w.org\/{rel}","templated":true}]}}